{"id":4238,"date":"2025-07-09T20:41:12","date_gmt":"2025-07-09T18:41:12","guid":{"rendered":"https:\/\/www.youressentialsclub.com\/?page_id=4238"},"modified":"2025-07-09T21:23:53","modified_gmt":"2025-07-09T19:23:53","slug":"terms-and-conditions","status":"publish","type":"page","link":"https:\/\/www.youressentialsclub.com\/de\/terms-and-conditions\/","title":{"rendered":"Gesch\u00e4ftsbedingungen"},"content":{"rendered":"<p><strong>Allgemeine Gesch\u00e4ftsbedingungen<\/strong><\/p>\n\n\n\n<p><strong>1.Geltungsbereich<\/strong><\/p>\n\n\n\n<p>F\u00fcr alle Vertr\u00e4ge von CSF Consulting &amp; Service Freiburg GmbH mit Verbrauchern (\u00a7 13 BGB), gelten diese Allgemeinen Gesch\u00e4ftsbedingungen (AGB). Verbraucher ist jede nat\u00fcrliche Person, die ein Rechtsgesch\u00e4ft zu einem Zwecke abschlie\u00dft, der weder ihrer gewerblichen noch ihrer selbstst\u00e4ndigen beruflichen T\u00e4tigkeit zugerechnet werden kann.<\/p>\n\n\n\n<p><strong>2.Vertragspartner, Kundendienst<\/strong><\/p>\n\n\n\n<p>Ihr Vertragspartner wird die CSF Consulting &amp; Service Freiburg GmbH, Tullastra\u00dfe 89, 79108 Freiburg im Breisgau (Amtsgericht Freiburg im Breisgau HRB 724554). Weitere Informationen zu uns finden Sie im Impressum. Sie erreichen die Gesch\u00e4ftsleitung f\u00fcr Fragen, Reklamationen und Beanstandungen unter der Telefonnummer +49 (0) 761 489 875 31.<\/p>\n\n\n\n<p><strong>3.Vertragsabschluss<\/strong><\/p>\n\n\n\n<p>Der Vertrag wird mit der R\u00fccksendung des unterschriebenen Bestellformulars rechtskr\u00e4ftig.<\/p>\n\n\n\n<p><strong>4.Versandkosten<\/strong><\/p>\n\n\n\n<p>F\u00fcr unser Ger\u00e4t fallen in Deutschland keine Versandkosten an. Bei Sendungen ins Ausland, werden die anfallenden Kosten in Rechnung gestellt. Diese k\u00f6nnen vorab erfragt werden.<\/p>\n\n\n\n<p><strong>5.Bezahlung<\/strong><\/p>\n\n\n\n<p>Die Zahlung erfolgt ausschlie\u00dflich per Rechnung. Sie erhalten die Gesamtrechnung. Nach Eingang des gesamten Rechnungsbetrages auf unserem Konto, wird das Produkt\/die Produkte an Sie versandt.<\/p>\n\n\n\n<p><strong>6.Eigentumsvorbehalt<\/strong><\/p>\n\n\n\n<p>Die Ware bleibt bis zur vollst\u00e4ndigen Bezahlung unser Eigentum.<\/p>\n\n\n\n<p><strong>7.M\u00e4ngelhaftung<\/strong><\/p>\n\n\n\n<p>Liegt ein Mangel der Kaufsache vor, gelten die gesetzlichen Vorschriften. Die Abtretung dieser Anspr\u00fcche des Kunden ist ausgeschlossen.<\/p>\n\n\n\n<p><strong>8.Widerrufsrecht bis zu 3 Wochen (nur f\u00fcr Fernabsatzvertr\u00e4ge)<\/strong><\/p>\n\n\n\n<p>Ausschluss des Widerrufs<\/p>\n\n\n\n<p><strong>Ausschluss des Widerrufs<\/strong><\/p>\n\n\n\n<p><strong>Widerrufsrecht:<\/strong><\/p>\n\n\n\n<p>Sie k\u00f6nnen Ihre Vertragserkl\u00e4rung innerhalb von drei Wochen ohne Angabe von Gr\u00fcnden in Textform (z.B. Brief, E-Mail) oder durch R\u00fccksendung der Sache widerrufen. Die Frist beginnt fr\u00fchestens mit Eingang der Ware und nicht vor Erhalt dieser Belehrung. Zur Wahrung der Widerrufsfrist gen\u00fcgt die rechtzeitige Absendung<\/p>\n\n\n\n<p>CSF Consulting &amp; Service Freiburg GmbH<br>R\u00fccksendezentrum<br>Tullastra\u00dfe 89<br>79108 Freiburg im Breisgau<br>Deutschland<\/p>\n\n\n\n<p>Der Widerruf muss schriftlich per Brief erfolgen an:<\/p>\n\n\n\n<p>CSF Consulting &amp; Service Freiburg GmbH<br>R\u00fccksendezentrum<br>Tullastra\u00dfe 89<br>79108 Freiburg im Breisgau<br>Deutschland<\/p>\n\n\n\n<p><strong>Widerrufsfolgen:<\/strong><\/p>\n\n\n\n<p>Im Falle eines wirksamen Widerrufs sind die beiderseits empfangenen Leistungen zur\u00fcckzugew\u00e4hren und ggf. gezogene Nutzungen (z.B. f\u00fcr den Gebrauch der Sache eine Nutzungsgeb\u00fchr) herauszugeben. K\u00f6nnen Sie uns die empfangene Leistung ganz oder teilweise nicht oder nur in verschlechtertem Zustand zur\u00fcckgew\u00e4hren, m\u00fcssen Sie uns insoweit ggf. Wertersatz leisten. Bei der \u00dcberlassung von Sachen gilt dies nicht, wenn die Verschlechterung der Sache ausschlie\u00dflich auf deren Pr\u00fcfung \u2013 wie Sie Ihnen etwa im Ladengesch\u00e4ft m\u00f6glich gewesen w\u00e4re \u2013 zur\u00fcckzuf\u00fchren ist. Im \u00dcbrigen k\u00f6nnen Sie die Wertersatzpflicht vermeiden, indem Sie die Sache nicht wie Ihr Eigentum in Gebrauch nehmen und alles unterlassen, was deren Wert beeintr\u00e4chtigt. Paketversandf\u00e4hige Sachen sind zur\u00fcckzusenden. Sie haben die Kosten der R\u00fccksendung zu tragen, wenn die gelieferte Ware der bestellten entspricht und wenn der Preis der zur\u00fcckzusendenden Sache einen Betrag von 40 Euro nicht \u00fcbersteigt. Andernfalls ist die R\u00fccksendung f\u00fcr Sie kostenfrei. Nicht paketversandf\u00e4hige Sachen werden bei Ihnen abgeholt. Verpflichtungen zur Erstattung von Zahlungen m\u00fcssen Sie innerhalb von 30 Tagen nach Absendung Ihrer Widerrufserkl\u00e4rung erf\u00fcllen.<\/p>\n\n\n\n<p><strong>Ende der Widerrufsbelehrung<\/strong><\/p>\n\n\n\n<p><strong>9.Vertragstextspeicherung<\/strong><\/p>\n\n\n\n<p>Wir speichern den Vertragstext und senden Ihnen die Bestelldaten und unsere AGB per E-Mail zu. Die AGB k\u00f6nnen Sie jederzeit auch hier auf dieser Seite einsehen und herunterladen.<\/p>\n\n\n\n<p><strong>10.Vertragssprache<\/strong><\/p>\n\n\n\n<p>Die f\u00fcr den Vertragsschluss zur Verf\u00fcgung stehende Sprache ist Deutsch.<\/p>\n\n\n\n<p><strong>11.Anwendbares Recht<\/strong><\/p>\n\n\n\n<p>Es gilt deutsches Recht unter Ausschluss des UN-Kaufrechts (CISG).<\/p>\n\n\n\n<p>Gerichtsstand ist Freiburg im Breisgau.<\/p>","protected":false},"excerpt":{"rendered":"<p>General Terms and Conditions 1. Scope of application These General Terms and Conditions (GTC) apply to all contracts concluded by CSF Consulting &amp; Service Freiburg GmbH with consumers (\u00a7 13 BGB). A consumer is any natural person who concludes a legal transaction for a purpose that cannot be attributed to their commercial or independent professional [&hellip;]<\/p>","protected":false},"author":1,"featured_media":0,"parent":0,"menu_order":0,"comment_status":"closed","ping_status":"closed","template":"","meta":{"give_campaign_id":0,"footnotes":""},"class_list":["post-4238","page","type-page","status-publish","hentry"],"campaignId":"","_links":{"self":[{"href":"https:\/\/www.youressentialsclub.com\/de\/wp-json\/wp\/v2\/pages\/4238","targetHints":{"allow":["GET"]}}],"collection":[{"href":"https:\/\/www.youressentialsclub.com\/de\/wp-json\/wp\/v2\/pages"}],"about":[{"href":"https:\/\/www.youressentialsclub.com\/de\/wp-json\/wp\/v2\/types\/page"}],"author":[{"embeddable":true,"href":"https:\/\/www.youressentialsclub.com\/de\/wp-json\/wp\/v2\/users\/1"}],"replies":[{"embeddable":true,"href":"https:\/\/www.youressentialsclub.com\/de\/wp-json\/wp\/v2\/comments?post=4238"}],"version-history":[{"count":2,"href":"https:\/\/www.youressentialsclub.com\/de\/wp-json\/wp\/v2\/pages\/4238\/revisions"}],"predecessor-version":[{"id":4240,"href":"https:\/\/www.youressentialsclub.com\/de\/wp-json\/wp\/v2\/pages\/4238\/revisions\/4240"}],"wp:attachment":[{"href":"https:\/\/www.youressentialsclub.com\/de\/wp-json\/wp\/v2\/media?parent=4238"}],"curies":[{"name":"wp","href":"https:\/\/api.w.org\/{rel}","templated":true}]}}