{"id":3947,"date":"2025-06-27T00:19:32","date_gmt":"2025-06-26T22:19:32","guid":{"rendered":"http:\/\/www.youressentialsclub.com\/?post_type=product&#038;p=3947"},"modified":"2025-06-28T23:08:58","modified_gmt":"2025-06-28T21:08:58","slug":"in-joy-sweet-start-pack","status":"publish","type":"product","link":"https:\/\/www.youressentialsclub.com\/de\/shop\/in-joy-variety-bundles\/in-joy-sweet-start-pack\/","title":{"rendered":"In-Joy\u00ae S\u00fc\u00dfigkeiten-Starter-Box"},"content":{"rendered":"<p><strong data-start=\"218\" data-end=\"231\">Inhalt<\/strong> 1x Jelly, 1x Gum, 5x Lollipops<\/p>","protected":false},"excerpt":{"rendered":"<p><strong>Ihr erster Eindruck von der Freude!<\/strong><br \/>\nLernen Sie die IN-JOY\u00ae Welt mit diesem s\u00fc\u00dfen kleinen Willkommensgeschenk kennen! Eine Kostprobe unserer feinsten Gummib\u00e4rchen, Kaugummis und fruchtigen Lutscher sowie ein herzlicher Gru\u00df im Inneren. Perfekt f\u00fcr den ersten Biss in ein gl\u00fcckliches S\u00fc\u00dfigkeitenerlebnis.<\/p>","protected":false},"featured_media":3949,"template":"","meta":{"give_campaign_id":0},"store":[],"product_brand":[],"product_cat":[182],"product_tag":[],"class_list":{"0":"post-3947","1":"product","2":"type-product","3":"status-publish","4":"has-post-thumbnail","6":"product_cat-in-joy-variety-bundles","8":"first","9":"instock","10":"shipping-taxable","11":"purchasable","12":"product-type-simple"},"_links":{"self":[{"href":"https:\/\/www.youressentialsclub.com\/de\/wp-json\/wp\/v2\/product\/3947","targetHints":{"allow":["GET"]}}],"collection":[{"href":"https:\/\/www.youressentialsclub.com\/de\/wp-json\/wp\/v2\/product"}],"about":[{"href":"https:\/\/www.youressentialsclub.com\/de\/wp-json\/wp\/v2\/types\/product"}],"wp:featuredmedia":[{"embeddable":true,"href":"https:\/\/www.youressentialsclub.com\/de\/wp-json\/wp\/v2\/media\/3949"}],"wp:attachment":[{"href":"https:\/\/www.youressentialsclub.com\/de\/wp-json\/wp\/v2\/media?parent=3947"}],"wp:term":[{"taxonomy":"store","embeddable":true,"href":"https:\/\/www.youressentialsclub.com\/de\/wp-json\/wp\/v2\/store?post=3947"},{"taxonomy":"product_brand","embeddable":true,"href":"https:\/\/www.youressentialsclub.com\/de\/wp-json\/wp\/v2\/product_brand?post=3947"},{"taxonomy":"product_cat","embeddable":true,"href":"https:\/\/www.youressentialsclub.com\/de\/wp-json\/wp\/v2\/product_cat?post=3947"},{"taxonomy":"product_tag","embeddable":true,"href":"https:\/\/www.youressentialsclub.com\/de\/wp-json\/wp\/v2\/product_tag?post=3947"}],"curies":[{"name":"wp","href":"https:\/\/api.w.org\/{rel}","templated":true}]}}