{"id":3953,"date":"2025-06-27T00:24:39","date_gmt":"2025-06-26T22:24:39","guid":{"rendered":"http:\/\/www.youressentialsclub.com\/?post_type=product&#038;p=3953"},"modified":"2025-06-28T23:14:51","modified_gmt":"2025-06-28T21:14:51","slug":"in-joy-joyful-minis-pack","status":"publish","type":"product","link":"https:\/\/www.youressentialsclub.com\/de\/shop\/in-joy-variety-bundles\/in-joy-joyful-minis-pack\/","title":{"rendered":"In-Joy\u00ae Fr\u00f6hliche Mini-T\u00fcte"},"content":{"rendered":"<p><strong data-start=\"848\" data-end=\"861\">Inhalt<\/strong> 2x Jelly, 1x Gum, 6x Lollipops<\/p>","protected":false},"excerpt":{"rendered":"<p><strong>Mini Joy, Major Vibes.<\/strong><br \/>\nEine kuratierte Mini-Box voller Charme und Geschmack! Ob als s\u00fc\u00dfe Geste oder pers\u00f6nlicher Genuss, dieses Trio aus Gelee, Kaugummi und Pops macht jeden Moment zu etwas Besonderem.<\/p>","protected":false},"featured_media":3955,"template":"","meta":{"give_campaign_id":0},"store":[],"product_brand":[],"product_cat":[182],"product_tag":[],"class_list":{"0":"post-3953","1":"product","2":"type-product","3":"status-publish","4":"has-post-thumbnail","6":"product_cat-in-joy-variety-bundles","8":"first","9":"instock","10":"shipping-taxable","11":"purchasable","12":"product-type-simple"},"_links":{"self":[{"href":"https:\/\/www.youressentialsclub.com\/de\/wp-json\/wp\/v2\/product\/3953","targetHints":{"allow":["GET"]}}],"collection":[{"href":"https:\/\/www.youressentialsclub.com\/de\/wp-json\/wp\/v2\/product"}],"about":[{"href":"https:\/\/www.youressentialsclub.com\/de\/wp-json\/wp\/v2\/types\/product"}],"wp:featuredmedia":[{"embeddable":true,"href":"https:\/\/www.youressentialsclub.com\/de\/wp-json\/wp\/v2\/media\/3955"}],"wp:attachment":[{"href":"https:\/\/www.youressentialsclub.com\/de\/wp-json\/wp\/v2\/media?parent=3953"}],"wp:term":[{"taxonomy":"store","embeddable":true,"href":"https:\/\/www.youressentialsclub.com\/de\/wp-json\/wp\/v2\/store?post=3953"},{"taxonomy":"product_brand","embeddable":true,"href":"https:\/\/www.youressentialsclub.com\/de\/wp-json\/wp\/v2\/product_brand?post=3953"},{"taxonomy":"product_cat","embeddable":true,"href":"https:\/\/www.youressentialsclub.com\/de\/wp-json\/wp\/v2\/product_cat?post=3953"},{"taxonomy":"product_tag","embeddable":true,"href":"https:\/\/www.youressentialsclub.com\/de\/wp-json\/wp\/v2\/product_tag?post=3953"}],"curies":[{"name":"wp","href":"https:\/\/api.w.org\/{rel}","templated":true}]}}