{"id":3962,"date":"2025-06-27T00:28:45","date_gmt":"2025-06-26T22:28:45","guid":{"rendered":"http:\/\/www.youressentialsclub.com\/?post_type=product&#038;p=3962"},"modified":"2025-07-08T02:08:33","modified_gmt":"2025-07-08T00:08:33","slug":"in-joy-kids-box","status":"publish","type":"product","link":"https:\/\/www.youressentialsclub.com\/de\/shop\/in-joy-variety-bundles\/in-joy-kids-box\/","title":{"rendered":"In-Joy\u00ae Kinderbox"},"content":{"rendered":"<p><strong>Inhalt<\/strong> 2x Jelly, 2x Gum, 10x Lollipops + In-Joy Spiel-Freude<\/p>","protected":false},"excerpt":{"rendered":"<p class=\"translation-block\"><strong>S\u00fc\u00dfigkeiten treffen auf Kreativit\u00e4t!<\/strong><br>\nSpa\u00df f\u00fcr die Kleinen mit s\u00fc\u00dfen Leckereien und spielerischen Extras! Inklusive Aufkleber\/Spiel (Sudoku) oder \u00e4hnlichem, um die H\u00e4nde zu besch\u00e4ftigen und die M\u00fcnder gl\u00fccklich zu machen. Ideal f\u00fcr Partys oder verregnete Nachmittage.<\/p>","protected":false},"featured_media":3964,"template":"","meta":{"give_campaign_id":0},"store":[],"product_brand":[],"product_cat":[182],"product_tag":[],"class_list":{"0":"post-3962","1":"product","2":"type-product","3":"status-publish","4":"has-post-thumbnail","6":"product_cat-in-joy-variety-bundles","8":"first","9":"instock","10":"shipping-taxable","11":"purchasable","12":"product-type-simple"},"_links":{"self":[{"href":"https:\/\/www.youressentialsclub.com\/de\/wp-json\/wp\/v2\/product\/3962","targetHints":{"allow":["GET"]}}],"collection":[{"href":"https:\/\/www.youressentialsclub.com\/de\/wp-json\/wp\/v2\/product"}],"about":[{"href":"https:\/\/www.youressentialsclub.com\/de\/wp-json\/wp\/v2\/types\/product"}],"wp:featuredmedia":[{"embeddable":true,"href":"https:\/\/www.youressentialsclub.com\/de\/wp-json\/wp\/v2\/media\/3964"}],"wp:attachment":[{"href":"https:\/\/www.youressentialsclub.com\/de\/wp-json\/wp\/v2\/media?parent=3962"}],"wp:term":[{"taxonomy":"store","embeddable":true,"href":"https:\/\/www.youressentialsclub.com\/de\/wp-json\/wp\/v2\/store?post=3962"},{"taxonomy":"product_brand","embeddable":true,"href":"https:\/\/www.youressentialsclub.com\/de\/wp-json\/wp\/v2\/product_brand?post=3962"},{"taxonomy":"product_cat","embeddable":true,"href":"https:\/\/www.youressentialsclub.com\/de\/wp-json\/wp\/v2\/product_cat?post=3962"},{"taxonomy":"product_tag","embeddable":true,"href":"https:\/\/www.youressentialsclub.com\/de\/wp-json\/wp\/v2\/product_tag?post=3962"}],"curies":[{"name":"wp","href":"https:\/\/api.w.org\/{rel}","templated":true}]}}