{"id":3968,"date":"2025-06-27T00:32:08","date_gmt":"2025-06-26T22:32:08","guid":{"rendered":"http:\/\/www.youressentialsclub.com\/?post_type=product&#038;p=3968"},"modified":"2025-06-28T23:27:45","modified_gmt":"2025-06-28T21:27:45","slug":"in-joy-party-pack","status":"publish","type":"product","link":"https:\/\/www.youressentialsclub.com\/de\/shop\/in-joy-variety-bundles\/in-joy-party-pack\/","title":{"rendered":"In-Joy\u00ae Party-T\u00fcte"},"content":{"rendered":"<p><strong>Inhalt<\/strong>\u00a03x Jelly, 3x Gum, 10x Lollipops<\/p>","protected":false},"excerpt":{"rendered":"<p data-start=\"2353\" data-end=\"2568\"><strong><strong>Lass die Freude beginnen!<\/strong><\/strong><br \/>\nDie perfekte Leckerei-Auswahl f\u00fcr Geburtstage, Treffen oder lockere Treffen. S\u00fc\u00df, z\u00e4h und fruchtig. Alle deine Lieblingsst\u00fccke in einer partytauglichen Box.<\/p>","protected":false},"featured_media":3969,"template":"","meta":{"give_campaign_id":0},"store":[],"product_brand":[],"product_cat":[182],"product_tag":[],"class_list":{"0":"post-3968","1":"product","2":"type-product","3":"status-publish","4":"has-post-thumbnail","6":"product_cat-in-joy-variety-bundles","8":"first","9":"instock","10":"shipping-taxable","11":"purchasable","12":"product-type-simple"},"_links":{"self":[{"href":"https:\/\/www.youressentialsclub.com\/de\/wp-json\/wp\/v2\/product\/3968","targetHints":{"allow":["GET"]}}],"collection":[{"href":"https:\/\/www.youressentialsclub.com\/de\/wp-json\/wp\/v2\/product"}],"about":[{"href":"https:\/\/www.youressentialsclub.com\/de\/wp-json\/wp\/v2\/types\/product"}],"wp:featuredmedia":[{"embeddable":true,"href":"https:\/\/www.youressentialsclub.com\/de\/wp-json\/wp\/v2\/media\/3969"}],"wp:attachment":[{"href":"https:\/\/www.youressentialsclub.com\/de\/wp-json\/wp\/v2\/media?parent=3968"}],"wp:term":[{"taxonomy":"store","embeddable":true,"href":"https:\/\/www.youressentialsclub.com\/de\/wp-json\/wp\/v2\/store?post=3968"},{"taxonomy":"product_brand","embeddable":true,"href":"https:\/\/www.youressentialsclub.com\/de\/wp-json\/wp\/v2\/product_brand?post=3968"},{"taxonomy":"product_cat","embeddable":true,"href":"https:\/\/www.youressentialsclub.com\/de\/wp-json\/wp\/v2\/product_cat?post=3968"},{"taxonomy":"product_tag","embeddable":true,"href":"https:\/\/www.youressentialsclub.com\/de\/wp-json\/wp\/v2\/product_tag?post=3968"}],"curies":[{"name":"wp","href":"https:\/\/api.w.org\/{rel}","templated":true}]}}