{"id":3980,"date":"2025-06-27T00:40:39","date_gmt":"2025-06-26T22:40:39","guid":{"rendered":"http:\/\/www.youressentialsclub.com\/?post_type=product&#038;p=3980"},"modified":"2025-06-28T23:36:30","modified_gmt":"2025-06-28T21:36:30","slug":"in-joy-fruit-garden-pack","status":"publish","type":"product","link":"https:\/\/www.youressentialsclub.com\/de\/shop\/in-joy-jelly-gum-packs\/in-joy-fruit-garden-pack\/","title":{"rendered":"In-Joy\u00ae Fr\u00fcchte-Garten-T\u00fcte"},"content":{"rendered":"<p><strong>Inhalt<\/strong>\u00a06x Jelly, 2x Gum + In-Joy Spiel-Freude<\/p>","protected":false},"excerpt":{"rendered":"<p><strong><strong>Ernte die S\u00fc\u00dfe.<\/strong><\/strong><br \/>\nVon Beerenfeldern bis hin zum Saur-Mix. Genie\u00dfe einen Garten voller fruchtiger Aromen! Mit s\u00fc\u00dfem Fruchtaufkleber zum Spa\u00df oder zum Aufschreiben.<\/p>","protected":false},"featured_media":3982,"template":"","meta":{"give_campaign_id":0},"store":[],"product_brand":[],"product_cat":[183],"product_tag":[],"class_list":{"0":"post-3980","1":"product","2":"type-product","3":"status-publish","4":"has-post-thumbnail","6":"product_cat-in-joy-jelly-gum-packs","8":"first","9":"instock","10":"shipping-taxable","11":"purchasable","12":"product-type-simple"},"_links":{"self":[{"href":"https:\/\/www.youressentialsclub.com\/de\/wp-json\/wp\/v2\/product\/3980","targetHints":{"allow":["GET"]}}],"collection":[{"href":"https:\/\/www.youressentialsclub.com\/de\/wp-json\/wp\/v2\/product"}],"about":[{"href":"https:\/\/www.youressentialsclub.com\/de\/wp-json\/wp\/v2\/types\/product"}],"wp:featuredmedia":[{"embeddable":true,"href":"https:\/\/www.youressentialsclub.com\/de\/wp-json\/wp\/v2\/media\/3982"}],"wp:attachment":[{"href":"https:\/\/www.youressentialsclub.com\/de\/wp-json\/wp\/v2\/media?parent=3980"}],"wp:term":[{"taxonomy":"store","embeddable":true,"href":"https:\/\/www.youressentialsclub.com\/de\/wp-json\/wp\/v2\/store?post=3980"},{"taxonomy":"product_brand","embeddable":true,"href":"https:\/\/www.youressentialsclub.com\/de\/wp-json\/wp\/v2\/product_brand?post=3980"},{"taxonomy":"product_cat","embeddable":true,"href":"https:\/\/www.youressentialsclub.com\/de\/wp-json\/wp\/v2\/product_cat?post=3980"},{"taxonomy":"product_tag","embeddable":true,"href":"https:\/\/www.youressentialsclub.com\/de\/wp-json\/wp\/v2\/product_tag?post=3980"}],"curies":[{"name":"wp","href":"https:\/\/api.w.org\/{rel}","templated":true}]}}