{"id":3993,"date":"2025-06-27T00:55:25","date_gmt":"2025-06-26T22:55:25","guid":{"rendered":"http:\/\/www.youressentialsclub.com\/?post_type=product&#038;p=3993"},"modified":"2025-06-30T17:13:28","modified_gmt":"2025-06-30T15:13:28","slug":"in-joy-mini-box-jelly-focus","status":"publish","type":"product","link":"https:\/\/www.youressentialsclub.com\/de\/shop\/in-joy-custom-candy-boxes\/in-joy-mini-box-jelly-focus\/","title":{"rendered":"In-Joy\u00ae Mini Box - Gummib\u00e4rchen-Fokus"},"content":{"rendered":"","protected":false},"excerpt":{"rendered":"<p class=\"translation-block\"><strong>Deine Freude, Dein Stil - MINI.<\/strong><br>\nEine kleine Gl\u00fccksbox. Individuell verpackt, nur f\u00fcr dich. W\u00e4hle deine Mischung und genie\u00dfe deine S\u00fc\u00dfigkeiten, ganz nach deinem Geschmack.<\/p>\n<p><strong>Limit:<\/strong> Max 2 jelly &amp; 1 gum + 3 lollipops<\/p>","protected":false},"featured_media":3995,"template":"","meta":{"give_campaign_id":0},"store":[],"product_brand":[],"product_cat":[185],"product_tag":[],"class_list":{"0":"post-3993","1":"product","2":"type-product","3":"status-publish","4":"has-post-thumbnail","6":"product_cat-in-joy-custom-candy-boxes","8":"first","9":"instock","10":"shipping-taxable","11":"purchasable","12":"product-type-simple"},"_links":{"self":[{"href":"https:\/\/www.youressentialsclub.com\/de\/wp-json\/wp\/v2\/product\/3993","targetHints":{"allow":["GET"]}}],"collection":[{"href":"https:\/\/www.youressentialsclub.com\/de\/wp-json\/wp\/v2\/product"}],"about":[{"href":"https:\/\/www.youressentialsclub.com\/de\/wp-json\/wp\/v2\/types\/product"}],"wp:featuredmedia":[{"embeddable":true,"href":"https:\/\/www.youressentialsclub.com\/de\/wp-json\/wp\/v2\/media\/3995"}],"wp:attachment":[{"href":"https:\/\/www.youressentialsclub.com\/de\/wp-json\/wp\/v2\/media?parent=3993"}],"wp:term":[{"taxonomy":"store","embeddable":true,"href":"https:\/\/www.youressentialsclub.com\/de\/wp-json\/wp\/v2\/store?post=3993"},{"taxonomy":"product_brand","embeddable":true,"href":"https:\/\/www.youressentialsclub.com\/de\/wp-json\/wp\/v2\/product_brand?post=3993"},{"taxonomy":"product_cat","embeddable":true,"href":"https:\/\/www.youressentialsclub.com\/de\/wp-json\/wp\/v2\/product_cat?post=3993"},{"taxonomy":"product_tag","embeddable":true,"href":"https:\/\/www.youressentialsclub.com\/de\/wp-json\/wp\/v2\/product_tag?post=3993"}],"curies":[{"name":"wp","href":"https:\/\/api.w.org\/{rel}","templated":true}]}}