{"id":4003,"date":"2025-06-27T12:58:57","date_gmt":"2025-06-27T10:58:57","guid":{"rendered":"http:\/\/www.youressentialsclub.com\/?post_type=product&#038;p=4003"},"modified":"2025-07-03T23:03:37","modified_gmt":"2025-07-03T21:03:37","slug":"in-joy-silver-subscriber","status":"publish","type":"product","link":"https:\/\/www.youressentialsclub.com\/de\/shop\/in-joy-subscriptions-rewards\/in-joy-silver-subscriber\/","title":{"rendered":"In-Joy\u00ae Silber Abonnent"},"content":{"rendered":"<p><strong>Inhalt<\/strong>\u00a03x Jelly, 2x Gum, 3x Lollipops +  \u00dcberraschungsgeschmack<br \/>\n<strong>Vorteile:<\/strong>\u00a0Kostenloser Versand, Silver -Abonnenten-Rabattkarte (5% Rabatt)<\/p>","protected":false},"excerpt":{"rendered":"<p><strong><strong>Silber-Status, monatlicher Genuss.<\/strong><\/strong><br \/>\nHole dir deine monatliche Portion Genuss direkt nach Hause geliefert! Freue dich auf eine ausgew\u00e4hlte Box mit Gummib\u00e4rchen, Kaugummi und Lollipops sowie eine \u00dcberraschungssorte exklusiv f\u00fcr Abonnenten. Inklusive kostenlosem Versand und deiner Silber-Rabattkarte f\u00fcr 5 % Rabatt auf zuk\u00fcnftige Bestellungen.<\/p>","protected":false},"featured_media":4005,"template":"","meta":{"give_campaign_id":0},"store":[],"product_brand":[],"product_cat":[187],"product_tag":[],"class_list":{"0":"post-4003","1":"product","2":"type-product","3":"status-publish","4":"has-post-thumbnail","6":"product_cat-in-joy-subscriptions-rewards","7":"product_shipping_class-free-shipping","9":"first","10":"instock","11":"shipping-taxable","12":"purchasable","13":"product-type-subscription"},"_links":{"self":[{"href":"https:\/\/www.youressentialsclub.com\/de\/wp-json\/wp\/v2\/product\/4003","targetHints":{"allow":["GET"]}}],"collection":[{"href":"https:\/\/www.youressentialsclub.com\/de\/wp-json\/wp\/v2\/product"}],"about":[{"href":"https:\/\/www.youressentialsclub.com\/de\/wp-json\/wp\/v2\/types\/product"}],"wp:featuredmedia":[{"embeddable":true,"href":"https:\/\/www.youressentialsclub.com\/de\/wp-json\/wp\/v2\/media\/4005"}],"wp:attachment":[{"href":"https:\/\/www.youressentialsclub.com\/de\/wp-json\/wp\/v2\/media?parent=4003"}],"wp:term":[{"taxonomy":"store","embeddable":true,"href":"https:\/\/www.youressentialsclub.com\/de\/wp-json\/wp\/v2\/store?post=4003"},{"taxonomy":"product_brand","embeddable":true,"href":"https:\/\/www.youressentialsclub.com\/de\/wp-json\/wp\/v2\/product_brand?post=4003"},{"taxonomy":"product_cat","embeddable":true,"href":"https:\/\/www.youressentialsclub.com\/de\/wp-json\/wp\/v2\/product_cat?post=4003"},{"taxonomy":"product_tag","embeddable":true,"href":"https:\/\/www.youressentialsclub.com\/de\/wp-json\/wp\/v2\/product_tag?post=4003"}],"curies":[{"name":"wp","href":"https:\/\/api.w.org\/{rel}","templated":true}]}}