{"id":4006,"date":"2025-06-27T13:00:39","date_gmt":"2025-06-27T11:00:39","guid":{"rendered":"http:\/\/www.youressentialsclub.com\/?post_type=product&#038;p=4006"},"modified":"2025-07-03T22:50:28","modified_gmt":"2025-07-03T20:50:28","slug":"in-joy-gold-subscriber","status":"publish","type":"product","link":"https:\/\/www.youressentialsclub.com\/de\/shop\/in-joy-subscriptions-rewards\/in-joy-gold-subscriber\/","title":{"rendered":"In-Joy\u00ae Gold Abonnent"},"content":{"rendered":"<p><strong>Inhalt<\/strong>\u00a05x Jelly, 3x Gum, 10x Lollipops + sticker, card, early access<br \/>\n<strong>Vorteile:<\/strong>\u00a0Free shipping, 10% off, VIP drops, exclusive flavors<\/p>","protected":false},"excerpt":{"rendered":"<p><strong><strong>Hol dir Gold. Bleib in Freude.<\/strong><\/strong><br \/>\nWerde IN-JOY\u00ae VIP mit unserem Premium-Abo! Vollgepackt mit mehr S\u00fc\u00dfigkeiten, tollen \u00dcberraschungen, exklusiven Geschmacksrichtungen und fr\u00fchzeitigem Zugang zu neuen Drops. Mit deiner Gold-Rabattkarte erh\u00e4ltst du 10 % Rabatt auf alle zuk\u00fcnftigen Bestellungen \u2013 und ja, der Versand geht auf uns.<\/p>","protected":false},"featured_media":4008,"template":"","meta":{"give_campaign_id":0},"store":[],"product_brand":[],"product_cat":[187],"product_tag":[],"class_list":{"0":"post-4006","1":"product","2":"type-product","3":"status-publish","4":"has-post-thumbnail","6":"product_cat-in-joy-subscriptions-rewards","7":"product_shipping_class-free-shipping","9":"first","10":"instock","11":"shipping-taxable","12":"purchasable","13":"product-type-subscription"},"_links":{"self":[{"href":"https:\/\/www.youressentialsclub.com\/de\/wp-json\/wp\/v2\/product\/4006","targetHints":{"allow":["GET"]}}],"collection":[{"href":"https:\/\/www.youressentialsclub.com\/de\/wp-json\/wp\/v2\/product"}],"about":[{"href":"https:\/\/www.youressentialsclub.com\/de\/wp-json\/wp\/v2\/types\/product"}],"wp:featuredmedia":[{"embeddable":true,"href":"https:\/\/www.youressentialsclub.com\/de\/wp-json\/wp\/v2\/media\/4008"}],"wp:attachment":[{"href":"https:\/\/www.youressentialsclub.com\/de\/wp-json\/wp\/v2\/media?parent=4006"}],"wp:term":[{"taxonomy":"store","embeddable":true,"href":"https:\/\/www.youressentialsclub.com\/de\/wp-json\/wp\/v2\/store?post=4006"},{"taxonomy":"product_brand","embeddable":true,"href":"https:\/\/www.youressentialsclub.com\/de\/wp-json\/wp\/v2\/product_brand?post=4006"},{"taxonomy":"product_cat","embeddable":true,"href":"https:\/\/www.youressentialsclub.com\/de\/wp-json\/wp\/v2\/product_cat?post=4006"},{"taxonomy":"product_tag","embeddable":true,"href":"https:\/\/www.youressentialsclub.com\/de\/wp-json\/wp\/v2\/product_tag?post=4006"}],"curies":[{"name":"wp","href":"https:\/\/api.w.org\/{rel}","templated":true}]}}