{"id":4010,"date":"2025-06-27T13:06:51","date_gmt":"2025-06-27T11:06:51","guid":{"rendered":"http:\/\/www.youressentialsclub.com\/?post_type=product&#038;p=4010"},"modified":"2025-06-30T17:12:29","modified_gmt":"2025-06-30T15:12:29","slug":"in-joy-box-classic-jelly-focus","status":"publish","type":"product","link":"https:\/\/www.youressentialsclub.com\/de\/shop\/in-joy-custom-candy-boxes\/in-joy-box-classic-jelly-focus\/","title":{"rendered":"In-Joy\u00ae Klassik Box - Gummib\u00e4rchen-Fokus"},"content":{"rendered":"","protected":false},"excerpt":{"rendered":"<p><strong><strong>Kreiere deine perfekte Kombination.<\/strong><\/strong><br \/>\nStelle deine eigene Schachtel vollerIN-JOY\u00ae -K\u00f6stlichkeiten zusammen. Ob du Lust auf einen saurigen Biss, S\u00fc\u00dfe oder fruchtige Frische hast, mit dieser Mischung wirst du f\u00fcndig.<\/p>\n<p><strong>Limit:<\/strong> Max 3 jelly &amp; 2 gum + 5 lollipops<\/p>","protected":false},"featured_media":4012,"template":"","meta":{"give_campaign_id":0},"store":[],"product_brand":[],"product_cat":[185],"product_tag":[],"class_list":{"0":"post-4010","1":"product","2":"type-product","3":"status-publish","4":"has-post-thumbnail","6":"product_cat-in-joy-custom-candy-boxes","8":"first","9":"instock","10":"shipping-taxable","11":"purchasable","12":"product-type-simple"},"_links":{"self":[{"href":"https:\/\/www.youressentialsclub.com\/de\/wp-json\/wp\/v2\/product\/4010","targetHints":{"allow":["GET"]}}],"collection":[{"href":"https:\/\/www.youressentialsclub.com\/de\/wp-json\/wp\/v2\/product"}],"about":[{"href":"https:\/\/www.youressentialsclub.com\/de\/wp-json\/wp\/v2\/types\/product"}],"wp:featuredmedia":[{"embeddable":true,"href":"https:\/\/www.youressentialsclub.com\/de\/wp-json\/wp\/v2\/media\/4012"}],"wp:attachment":[{"href":"https:\/\/www.youressentialsclub.com\/de\/wp-json\/wp\/v2\/media?parent=4010"}],"wp:term":[{"taxonomy":"store","embeddable":true,"href":"https:\/\/www.youressentialsclub.com\/de\/wp-json\/wp\/v2\/store?post=4010"},{"taxonomy":"product_brand","embeddable":true,"href":"https:\/\/www.youressentialsclub.com\/de\/wp-json\/wp\/v2\/product_brand?post=4010"},{"taxonomy":"product_cat","embeddable":true,"href":"https:\/\/www.youressentialsclub.com\/de\/wp-json\/wp\/v2\/product_cat?post=4010"},{"taxonomy":"product_tag","embeddable":true,"href":"https:\/\/www.youressentialsclub.com\/de\/wp-json\/wp\/v2\/product_tag?post=4010"}],"curies":[{"name":"wp","href":"https:\/\/api.w.org\/{rel}","templated":true}]}}